{"id":14,"date":"2022-02-13T15:57:56","date_gmt":"2022-02-13T15:57:56","guid":{"rendered":"https:\/\/www.husobrko.cz\/?page_id=14"},"modified":"2026-04-21T08:16:24","modified_gmt":"2026-04-21T08:16:24","slug":"mesmerize","status":"publish","type":"page","link":"https:\/\/www.husobrko.cz\/","title":{"rendered":"Front Page"},"content":{"rendered":"<div  data-label=\"VYSLEDKY\" data-id=\"features--2\" data-export-id=\"features-12-card-bordered\" data-category=\"features\" class=\"features-12-card-bordered content-section content-section-spacing \" id=\"vysledky\" style=\"background-color: rgb(245, 250, 253);\"><div  class=\"gridContainer\"> <div  class=\"row text-center\"><div  class=\"section-title-col\" data-type=\"column\"> <h2  class=\"\">V\u00ddSLEDKY HUSOBRKO 2026<\/h2> <\/div> <\/div> <div  class=\"row spaced-cols\" data-type=\"row\"> <div  class=\"col-sm-6\"> <div  class=\"card row-card bordered y-move\"> <div  class=\"row\"> <div  class=\"col-sm-fit icon-column\"> <i  class=\"fa icon color2 fa-trophy\"><\/i> <\/div> <div  class=\"col-sm\" data-type=\"column\"> <h5  class=\"\">Absolutn\u00ed v\u00edt\u011bz<\/h5><h4  class=\"\">Lang und breit<\/h4><h5  class=\"\">V\u00fdsledky HuSoBrKo 2026<\/h5><h4 class=\"\" >JA kategorie<\/h4><p  class=\"\">1. m\u00edsto &#8211; Tade\u00e1\u0161 Vlach\n<br >2. m\u00edsto &#8211; \u0160t\u011bp\u00e1n Dvo\u0159\u00e1k\n<br >3. m\u00edsto &#8211; Viky a Maty<\/p> <h4  class=\"\">JB kategorie<\/h4><p  class=\"\">1. m\u00edsto &#8211; Tom\u00e1\u0161 Krej\u010d\u00ed<br >2. m\u00edsto &#8211; S\/R\/ &#8211; S\u00e1ra Blahynkov\u00e1<br >3. m\u00edsto &#8211; Patrik Hyvnar<\/p><h4  class=\"\">JC kategorie<\/h4><p  class=\"\">1. m\u00edsto &#8211; Lucie Moresov\u00e1\n<br >2. m\u00edsto &#8211; V\u00ed\u0165a Kut\u00e1\u010dek<\/p><h4  class=\"\">JP kategorie<\/h4><p  class=\"\">1. m\u00edsto \u2013 Viktorie Auxtov\u00e1<br >2. m\u00edsto \u2013 Ond\u0159ej Kvoch<\/p><h4  class=\"\">SB kategorie<\/h4><p  class=\"\">1. m\u00edsto \u2013 JEKoT<br >2. m\u00edsto \u2013 Thunderstrike<\/p><h4  class=\"\">SC kategorie<\/h4><p  class=\"\">1. m\u00edsto \u2013 MAD<br >2. m\u00edsto \u2013 VoHuBa<\/p><h4 class=\"\" >SP kategorie<\/h4><p  class=\"\">1. m\u00edsto &#8211; Netu\u0161\u00edm<\/p><h5  class=\"\">Autorsk\u00e1 sout\u011b\u017e<\/h5><p  class=\"\">V\u00ed\u0165a Kut\u00e1\u010dek<\/p><\/div> <\/div><\/div> <\/div> <div  class=\"col-sm-6\"> <div  class=\"card row-card bordered y-move\"> <div  class=\"row\"> <div  class=\"col-sm-fit icon-column\"> <i  class=\"fa icon color2 fa-microphone\"><\/i> <\/div> <div  class=\"col-sm\" data-type=\"column\"> <h5  class=\"\">Dal\u0161\u00ed ud\u011blen\u00e1 oc\u011bn\u011bn\u00ed<\/h5> <h4  class=\"\">Jan Pokorn\u00fd &#8211; za hru na trubku (Netu\u0161\u00edm)<\/h4><h4  class=\"\">Aneta Pavl\u00e1tov\u00e1 &#8211; za hru na cajon (MAD)<\/h4><h4  class=\"\">V\u00ed\u0165a Kut\u00e1\u010dek &#8211; zp\u00edvaj\u00edc\u00ed b\u00e1sn\u00edk<\/h4><h4 class=\"\" >Kry\u0161tof Hrbek &#8211; za hru na syn\u0165\u00e1k (JEKoT)<\/h4><h4 class=\"\" >Pavel R\u00f6der &#8211; za odvahu (hr\u00e1t rock) \ud83d\ude42<\/h4><\/div> <\/div><\/div> <\/div>  <\/div> <\/div><\/div><div  data-label=\"CO JE TO HUSOBRKO\" data-id=\"features--1\" data-export-id=\"features-12\" data-category=\"features\" class=\"features-12 content-section content-section-spacing \" id=\"co-je-to-husobrko\" style=\"background-color: rgb(245, 250, 253);\" data-bullets-visibility=\"true\"><div  class=\"gridContainer\"> <div  class=\"row text-center\"><div  class=\"section-title-col\" data-type=\"column\"> <h2  class=\"\">CO JE TO HUSOBRKO?<\/h2> <p  class=\"lead\">HuSoBrKo vzniklo jako pot\u0159eba nab\u00eddnout d\u011btsk\u00fdm muzikant\u016fm dal\u0161\u00ed mo\u017enost zahr\u00e1t si, zasout\u011b\u017eit, p\u0159edstavit se na hudebn\u00ed sc\u00e9n\u011b.  A pak tak\u00e9 jako absence brn\u011bnsk\u00e9ho (jihomoravsk\u00e9ho) oblastn\u00edho kola celorepublikov\u00e9 sout\u011b\u017ee D\u011btsk\u00e1 Porta. <\/p><p  class=\"lead\">Po\u0159adatelskou z\u00e1kladnu tvo\u0159\u00ed brn\u011bn\u0161t\u00ed muzikanti (z kapel P\u0159\u00edstav, Kolib\u0159\u00edk\u016fv \u00falet a Zkusmeto) a letit\u00ed po\u0159adatel\u00e9 oblastn\u00edch kol hudebn\u00edch p\u0159ehl\u00eddek \u2013 nap\u0159\u00edklad festival Br\u00e1na, festival Porta, Brn\u011bnsk\u00e9 kolo a Brn\u011bnsk\u00fd vrabe\u010dek.  <\/p><h2  class=\"\">PRO\u010c SOUT\u011a\u017dIT NA HUSOBRKO?<\/h2><\/div> <\/div> <div  class=\"row spaced-cols\" data-type=\"row\"> <div  class=\"col-sm-6\"> <div  class=\"row space-bottom\"> <div  class=\"col-sm-fit icon-column\"> <i  class=\"fa icon color2 fa-microphone bordered round\"><\/i> <\/div> <div  class=\"col-sm\" data-type=\"column\"> <h5  class=\"color2\">VYZKOU\u0160\u00cd\u0160 SI SKV\u011aL\u00dd ZVUK<\/h5> <p  class=\"\">Ka\u017ed\u00fd sout\u011b\u017e\u00edc\u00ed m\u00e1 mo\u017enost vyzkou\u0161et si, jak\u00e9 to je zp\u00edvat a hr\u00e1t na zvukov\u00fd apar\u00e1t a k \u010demu jsou t\u0159eba odposlechy. <\/p><\/div> <\/div><\/div> <div  class=\"col-sm-6\"><div  class=\"row space-bottom\"> <div  class=\"col-sm-fit icon-column\"><i  class=\"fa icon color2 fa-child bordered round\"><\/i><\/div> <div  class=\"col-sm\" data-type=\"column\"><h5  class=\"color2\">UK\u00c1\u017dE\u0160 HUDEBN\u00cd SV\u011aTU, CO V TOB\u011a JE<\/h5> <p  class=\"\">M\u00e1\u0161 mo\u017enost to \u201erozjet\u201c, zahr\u00e1t si a zazp\u00edvat hlavn\u011b pro sv\u016fj dobr\u00fd pocit.  <\/p><\/div> <\/div><\/div> <div  class=\"col-sm-6\"><div  class=\"row space-bottom\"> <div  class=\"col-sm-fit icon-column\"><i  class=\"fa icon color2 fa-legal bordered round\"><\/i><\/div> <div  class=\"col-sm\" data-type=\"column\"><h5  class=\"color2\">Z\u00cdSK\u00c1\u0160 CENN\u00c9 ZKU\u0160ENOSTI<\/h5> <p  class=\"\">Na\u0161i erudovan\u00ed a zku\u0161en\u00ed porotci ti mile r\u00e1di pomohou a porad\u00ed prost\u011b se v\u0161\u00edm.<\/p><\/div> <\/div><\/div> <div  class=\"col-sm-6\"><div  class=\"row space-bottom\"> <div  class=\"col-sm-fit icon-column\"><i  class=\"fa icon color2 fa-check bordered round\"><\/i><\/div> <div  class=\"col-sm\" data-type=\"column\"><h5  class=\"color2\">POSTUP DO FIN\u00c1LE<\/h5> <p  class=\"\">M\u016f\u017ee\u0161 postoupit do republikov\u00e9ho fin\u00e1le D\u011btsk\u00e9 Porty!<\/p><\/div> <\/div><\/div> <\/div><\/div> <\/div><div  id=\"pripoj-se\" class=\"cta-blue-section-mc content-section content-section-spacing le_cocktail white-text\" style=\"background-color: rgb(245, 250, 253); background-image: url(&quot;http:\/\/www.husobrko.cz\/wp-content\/uploads\/2022\/02\/audio-1851517-1-scaled.jpg&quot;); background-size: cover; background-position: center top;\" data-label=\"PRIPOJ SE\" data-id=\"cta-blue-section-mc\" data-export-id=\"cta-blue-section-mc\" data-category=\"cta\">\n<div  class=\"gridContainer\">\n<div  class=\"row middle-xs\">\n<div  class=\"col-sm-8 space-bottom-xs\" data-type=\"column\">\n<h2  class=\"\">Nev\u00e1hej a p\u0159ihlas se!<\/h2>\n<\/div>\n<div  class=\"col-sm-4 end-sm\" data-type=\"column\"><a  class=\"button blue\" href=\"https:\/\/forms.gle\/ELmuR6TcqGzwYTPb7\" target=\"_blank\" data-cp-link=\"1\" rel=\"noopener\">P\u0158IHL\u00c1\u0160KA<\/a><\/div>\n<\/div>\n<\/div>\n<\/div><div  data-label=\"CIL\" data-id=\"content--1\" data-export-id=\"content-3\" data-category=\"content\" class=\"content-3 content-section content-section-spacing\" id=\"cil\" style=\"background-color: rgb(245, 250, 253);\" data-bullets-visibility=\"true\"><div > <div  class=\"row middle-xs\"><div  class=\"col-sm-7 full-col-left-padding full-col-right-padding\"> <div  class=\"row\"><div  data-type=\"column\" class=\"space-bottom-small content-title-col\">  <h2  class=\"\">CO JE NA\u0160\u00cdM C\u00cdLEM?<\/h2> <p  class=\"lead\"><span  style=\"color: rgb(107, 124, 147); font-size: 16px;\">C\u00edlem je poskytnout mlad\u00fdm um\u011blc\u016fm hudebn\u00ed z\u00e1zem\u00ed a p\u0159edstavit mo\u017enosti \u00fa\u010dinkov\u00e1n\u00ed na brn\u011bnsk\u00e9 hudebn\u00ed sc\u00e9n\u011b. Konzultaci v oblasti hudebn\u00edho r\u016fstu a psan\u00ed p\u00edsni\u010dek.&nbsp;<\/span><span  style=\"color: rgb(107, 124, 147); font-size: 16px;\">&nbsp;<\/span><\/p><p  class=\"lead\"><span  style=\"color: rgb(107, 124, 147); font-size: 16px;\">Mo\u017enosti vyzkou\u0161et si zazp\u00edvat a zahr\u00e1t na profesion\u00e1ln\u00ed apar\u00e1t. P\u0159\u00edle\u017eitost poznat nov\u00e9 tv\u00e1\u0159e a kamar\u00e1dy. A v neposledn\u00ed \u0159ad\u011b vzbudit v d\u011btech zdravou sout\u011b\u017eivost \u2013 z brn\u011bnsk\u00e9ho oblastn\u00edho kola lze postoupit do republikov\u00e9ho fin\u00e1le D\u011btsk\u00e9 Porty.<\/span><\/p><p  class=\"lead\"><span  style=\"color: rgb(107, 124, 147); font-size: 16px;\">A v neposledn\u00ed \u0159ad\u011b vzbudit v d\u011btech zdravou sout\u011b\u017eivost \u2013 z brn\u011bnsk\u00e9ho oblastn\u00edho kola lze postoupit do republikov\u00e9ho fin\u00e1le D\u011btsk\u00e9 Porty.<\/span><\/p><\/div> <\/div> <div  class=\"row spaced-cols\" data-type=\"row\">  <div  class=\"col-xs-6\" data-type=\"column\"> <\/div>   <\/div><\/div> <div  class=\"col-sm-5 bg-image shadow-large-black revert-classes-holder\" data-bg=\"image\" style=\"background-image: url(&quot;http:\/\/www.husobrko.cz\/wp-content\/uploads\/2022\/02\/cropped-jason-rosewell-ASKeuOZqhYU-unsplash-scaled-1.jpg&quot;);\"><\/div><\/div> <\/div><\/div><div  data-label=\"KONTAKT\" data-id=\"contact--1\" data-export-id=\"contact-1-mc\" data-category=\"contact\" class=\"contact-1-mc content-section content-section-spacing white-text\" data-parallax-depth=\"20\" id=\"kontakt\" style=\"background-color: rgb(245, 250, 253); background-image: url(&quot;http:\/\/www.husobrko.cz\/wp-content\/uploads\/2022\/02\/audio-1851517-1-scaled.jpg&quot;); background-size: cover; background-position: center top;\" data-bullets-visibility=\"true\"><div  class=\"gridContainer\"> <div  class=\"row text-center\"><div  class=\"section-title-col\" data-type=\"column\">  <h2  class=\"\">Nev\u00edte si s n\u011b\u010d\u00edm rady?<\/h2> <p  class=\"lead\">Napi\u0161te n\u00e1m!<\/p><\/div> <\/div> <div  class=\"row text-center\"> <div  class=\"col-xs-12 col-sm-8 col-sm-offset-2 contact-form-wrapper inline-info\"> <div  class=\"card large-padding\"> <div  class=\"\" data-content-shortcode=\"mesmerize_contact_form shortcode=&quot;fluentform id=&amp;amp;quot;3&amp;amp;quot;&quot;\" data-editable=\"true\"><div class='fluentform fluentform_wrapper_3'><form data-form_id=\"3\" id=\"fluentform_3\" class=\"frm-fluent-form fluent_form_3 ff-el-form-top ff_form_instance_3_1 ff-form-loading\" data-form_instance=\"ff_form_instance_3_1\" method=\"POST\" ><input type='hidden' name='__fluent_form_embded_post_id' value='14' \/><input type=\"hidden\" id=\"_fluentform_3_fluentformnonce\" name=\"_fluentform_3_fluentformnonce\" value=\"7fe1f3d68b\" \/><input type=\"hidden\" name=\"_wp_http_referer\" value=\"\/index.php?rest_route=%2Fwp%2Fv2%2Fpages%2F14\" \/><div data-type=\"name-element\" data-name=\"names\" class=\" ff-field_container ff-name-field-wrapper\" ><div class='ff-t-container'><div class='ff-t-cell '><div class='ff-el-group'><div class='ff-el-input--label ff-el-is-required asterisk-right'><label for='ff_3_names_first_name_'>Jm\u00e9no<\/label> <\/div><div class='ff-el-input--content'><input type=\"text\" name=\"names[first_name]\" id=\"ff_3_names_first_name_\" class=\"ff-el-form-control\" placeholder=\"Ale\u0161ek\" ><\/div><\/div><\/div><div class='ff-t-cell '><div class='ff-el-group'><div class='ff-el-input--label ff-el-is-required asterisk-right'><label for='ff_3_names_last_name_'>P\u0159\u00edjmen\u00ed<\/label> <\/div><div class='ff-el-input--content'><input type=\"text\" name=\"names[last_name]\" id=\"ff_3_names_last_name_\" class=\"ff-el-form-control\" placeholder=\"Hrbe\u010dek\" ><\/div><\/div><\/div><\/div><\/div><div class='ff-el-group'><div class='ff-el-input--label ff-el-is-required asterisk-right'><label for='ff_3_email'>Email<\/label> <\/div><div class='ff-el-input--content'><input type=\"email\" name=\"email\" id=\"ff_3_email\" class=\"ff-el-form-control\" placeholder=\"alesek.hrbecek@dzimejl.com\" data-name=\"email\" ><\/div><\/div><div class='ff-el-group'><div class='ff-el-input--label asterisk-right'><label for='ff_3_subject'>P\u0159edm\u011bt<\/label> <\/div><div class='ff-el-input--content'><input type=\"text\" name=\"subject\" class=\"ff-el-form-control\" placeholder=\"HuSoBrKo\" data-name=\"subject\" id=\"ff_3_subject\" ><\/div><\/div><div class='ff-el-group'><div class='ff-el-input--label ff-el-is-required asterisk-right'><label for='ff_3_message'>Va\u0161e zpr\u00e1va<\/label> <\/div><div class='ff-el-input--content'><textarea name=\"message\" id=\"ff_3_message\" class=\"ff-el-form-control\" placeholder=\"Your Message\" rows=\"8\" cols=\"2\" data-name=\"message\" ><\/textarea><\/div><\/div><div class='ff-el-group ff-text-center ff_submit_btn_wrapper'><button type=\"submit\" class=\"ff-btn ff-btn-submit ff-btn-lg ff_btn_style\" >Odeslat zpr\u00e1vu<\/button><\/div><\/form><div id='fluentform_3_errors' class='ff-errors-in-stack ff_form_instance_3_1 ff-form-loading_errors ff_form_instance_3_1_errors'><\/div><\/div>        <script type=\"text\/javascript\">\n            window.fluent_form_ff_form_instance_3_1 = {\"id\":\"3\",\"settings\":{\"layout\":{\"labelPlacement\":\"top\",\"helpMessagePlacement\":\"with_label\",\"errorMessagePlacement\":\"inline\",\"asteriskPlacement\":\"asterisk-right\"},\"id\":\"39\",\"restrictions\":{\"denyEmptySubmission\":{\"enabled\":false}}},\"form_instance\":\"ff_form_instance_3_1\",\"form_id_selector\":\"fluentform_3\",\"rules\":{\"names[first_name]\":{\"required\":{\"value\":true,\"message\":\"Pot\\u0159ebujeme zn\\u00e1t va\\u0161e jm\\u00e9no, a\\u0165 v\\u00e1m m\\u016f\\u017eeme odepsat\"}},\"names[middle_name]\":{\"required\":{\"value\":false,\"message\":\"This field is required\"}},\"names[last_name]\":{\"required\":{\"value\":true,\"message\":\"Pot\\u0159ebujeme zn\\u00e1t i p\\u0159\\u00edjmen\\u00ed, a\\u0165 se n\\u00e1m nepletete\"}},\"email\":{\"required\":{\"value\":true,\"message\":\"This field is required\"},\"email\":{\"value\":true,\"message\":\"Pot\\u0159ebujeme v\\u011bd\\u011bt, na jak\\u00fd mail V\\u00e1m m\\u00e1me odpov\\u011bd\\u011bt\"}},\"subject\":{\"required\":{\"value\":false,\"message\":\"This field is required\"}},\"message\":{\"required\":{\"value\":true,\"message\":\"Nebojte se na n\\u011bco zeptat\"}}}};\n                    <\/script>\n        <\/div><\/div> <\/div><\/div> <\/div><\/div><div  data-label=\"Overlappable\" data-id=\"overlappable--1\" data-export-id=\"overlappable-4-mc\" data-category=\"overlappable\" class=\"overlappable-4-mc content-section content-section-spacing\" data-overlap=\"true\" id=\"overlappable-1\" style=\"background-color: rgb(255, 255, 255);\"><div  class=\"gridContainer\"> <div  data-type=\"row\" class=\"row spaced-cols text-center content-center-sm center-sm\"><div  class=\"col-xs-12 col-sm-4 col-padding\"> <i  class=\"fa icon shadow-large-black aligncenter color1 fa-phone big\"><\/i> <div  data-type=\"column\" class=\"\">  <h3  class=\"\">731 201 957<\/h3><\/div> <\/div>  <div  class=\"col-xs-12 col-sm-4 col-padding\"> <i  class=\"fa icon shadow-large-black aligncenter color1 fa-at big\"><\/i> <div  data-type=\"column\" class=\"\">  <h3  class=\"\">prihlasky@husobrko.cz<\/h3><\/div> <\/div><\/div> <\/div><\/div><div  id=\"pravidla\" class=\"content-7-mc content-section content-section-spacing\" style=\"background-color: #f5fafd;\" data-label=\"PRAVIDLA\" data-id=\"content-7-mc\" data-export-id=\"content-7-mc\" data-category=\"content\" data-bullets-visibility=\"true\">\n<div  class=\"gridContainer\">\n<div  class=\"row middle-sm\">\n<div  class=\"col-sm-6 space-bottom-xs\" data-type=\"column\">\n<h2  class=\"\">PROPOZICE<\/h2>\n<p  class=\"\">Jak a kde podat p\u0159ihl\u00e1\u0161ku? Kolik si p\u0159ipravit skladeb? Jak\u00e9 jsou sout\u011b\u017en\u00ed kategorie a jak bude sout\u011b\u017e prob\u00edhat?\n<br ><br >\n<br >Na to v\u0161e a na spoustu dal\u0161\u00edch v\u011bc\u00ed najde\u0161 odpov\u011b\u010f pod t\u00edmto odkazem!<\/p>\n<a  class=\"button color1\" href=\"https:\/\/www.husobrko.cz\/wp-content\/uploads\/2026\/02\/Propozice-oblastniho-kola-HuSoBrKo-2026.docx.pdf\" target=\"_blank\" data-cp-link=\"1\" rel=\"noopener\">PROPOZICE OBLASTN\u00cdHO KOLA<\/a>\n\n<\/div>\n<div  class=\"col-sm-6\" data-type=\"column\"><img  decoding=\"async\" class=\"shadow-large\" src=\"http:\/\/www.husobrko.cz\/wp-content\/uploads\/2022\/02\/262044425_10158275900566464_2995077277870124453_n-1.jpg\" title=\"262044425_10158275900566464_2995077277870124453_n (1)\" alt=\"\"><\/div>\n<\/div>\n<\/div>\n<\/div><div  id=\"team\" class=\"team-5-mc content-section content-section-spacing\" style=\"background-color: #ffffff;\" data-label=\"TEAM\" data-id=\"team-5-mc\" data-export-id=\"team-5-mc\" data-bullets-visibility=\"true\" data-category=\"team\">\n<div  class=\"gridContainer\">\n<div  class=\"row text-center\">\n<div  class=\"section-title-col\" data-type=\"column\">\n\n<h2  class=\"\">REALIZA\u010cN\u00cd TEAM<\/h2>\n\n\n<\/div>\n<\/div>\n<div  class=\"row spaced-cols content-center-sm\" data-type=\"row\">\n<div  class=\"col-xs-12 col-sm-6 col-md-3 col-padding\">\n<div  class=\"row \">\n<div  class=\"col-xs-12 col-sm-12\" data-type=\"column\"><img  decoding=\"async\" class=\"round face\" src=\"http:\/\/www.husobrko.cz\/wp-content\/uploads\/2022\/02\/cropped-272257410_1968244900021345_86403063977269065_n-2.jpg\" title=\"cropped-272257410_1968244900021345_86403063977269065_n-2.jpg\" alt=\"\">\n<h4  class=\"font-500\">Martina Hrbkov\u00e1<\/h4>\n\n<p  class=\"\">Hlavn\u00ed komunik\u00e1tor <\/p>\n\n<div  class=\"social-icons-group\" data-type=\"group\"><\/div>\n<\/div>\n<\/div>\n<\/div>\n<div  class=\"col-xs-12 col-sm-6 col-md-3 col-padding\">\n<div  class=\"row \">\n<div  class=\"col-xs-12 col-sm-12\" data-type=\"column\"><img  decoding=\"async\" class=\"round face\" src=\"http:\/\/www.husobrko.cz\/wp-content\/uploads\/2022\/02\/cropped-272293979_1968245630021272_7871175330158712005_n-2.jpg\" title=\"cropped-272293979_1968245630021272_7871175330158712005_n-2.jpg\" alt=\"\">\n<h4  class=\"font-500\">Ale\u0161 Hrbek<\/h4>\n\n<p  class=\"\">V\u0161eobecn\u00e1 podpora <\/p>\n\n<div  class=\"social-icons-group\" data-type=\"group\"><\/div>\n<\/div>\n<\/div>\n<\/div>\n<div  class=\"col-xs-12 col-sm-6 col-md-3 col-padding\">\n<div  class=\"row \">\n<div  class=\"col-xs-12 col-sm-12\" data-type=\"column\"><img  decoding=\"async\" class=\"round face\" src=\"http:\/\/www.husobrko.cz\/wp-content\/uploads\/2022\/02\/favicon-husobrko.png\" title=\"favicon-husobrko\" alt=\"\">\n<h4  class=\"font-500\">V\u011bra \u0160ustrov\u00e1<\/h4>\n\n<p  class=\"\">Administrativn\u00ed podpora <\/p>\n\n<div  class=\"social-icons-group\" data-type=\"group\"><\/div>\n<\/div>\n<\/div>\n<\/div>\n<div  class=\"col-xs-12 col-sm-6 col-md-3 col-padding\">\n<div  class=\"row \">\n<div  class=\"col-xs-12 col-sm-12\" data-type=\"column\"><img  decoding=\"async\" class=\"round face\" src=\"http:\/\/www.husobrko.cz\/wp-content\/uploads\/2022\/02\/cropped-272291221_1968244940021341_1811969246246532414_n-1.jpg\" title=\"cropped-272291221_1968244940021341_1811969246246532414_n-1.jpg\" alt=\"\">\n<h4  class=\"font-500\">Tereza Homolov\u00e1<\/h4>\n\n<p  class=\"\">Konzultant a moder\u00e1tor akce <\/p>\n\n<div  class=\"social-icons-group\" data-type=\"group\"><\/div>\n<\/div>\n<\/div>\n<\/div>\n<div  class=\"col-xs-12 col-sm-6 col-md-3 col-padding\">\n<div  class=\"row \">\n<div  class=\"col-xs-12 col-sm-12\" data-type=\"column\"><img  decoding=\"async\" class=\"round face\" src=\"http:\/\/www.husobrko.cz\/wp-content\/uploads\/2022\/02\/cropped-269668540_1968244746688027_1113419171972462896_n.jpg\" title=\"cropped-269668540_1968244746688027_1113419171972462896_n.jpg\" alt=\"\">\n<h4  class=\"font-500\">Dan Volf<\/h4>\n\n<p  class=\"\">Moder\u00e1tor akce <\/p>\n\n<div  class=\"social-icons-group\" data-type=\"group\"><\/div>\n<\/div>\n<\/div>\n<\/div><div  class=\"col-xs-12 col-sm-6 col-md-3 col-padding\">\n<div  class=\"row \">\n<div  class=\"col-xs-12 col-sm-12\" data-type=\"column\"><img  decoding=\"async\" class=\"round face\" src=\"http:\/\/www.husobrko.cz\/wp-content\/uploads\/2022\/02\/cropped-269613710_1968244220021413_3188166606300471863_n-2.jpg\" title=\"cropped-269613710_1968244220021413_3188166606300471863_n-2.jpg\" alt=\"\">\n<h4  class=\"font-500\">Barbora Rybn\u00ed\u010dkov\u00e1<\/h4>\n\n<p  class=\"\">Designer a tv\u016frce loga <\/p>\n\n<div  class=\"social-icons-group\" data-type=\"group\"><\/div>\n<\/div>\n<\/div>\n<\/div><div  class=\"col-xs-12 col-sm-6 col-md-3 col-padding\">\n<div  class=\"row \">\n<div  class=\"col-xs-12 col-sm-12\" data-type=\"column\"><img  decoding=\"async\" class=\"round face\" src=\"http:\/\/www.husobrko.cz\/wp-content\/uploads\/2022\/02\/cropped-269693275_1968244266688075_8325703813461781897_n-2.jpg\" title=\"cropped-269693275_1968244266688075_8325703813461781897_n-2.jpg\" alt=\"\">\n<h4  class=\"font-500\">Viktor Kolib\u0159\u00edk Sap\u00e1k<\/h4>\n\n<p  class=\"\">Technick\u00e1 podpora <\/p>\n\n<div  class=\"social-icons-group\" data-type=\"group\"><\/div>\n<\/div>\n<\/div>\n<\/div><\/div>\n<\/div>\n<\/div>","protected":false},"excerpt":{"rendered":"<p>V\u00ddSLEDKY HUSOBRKO 2026 Absolutn\u00ed v\u00edt\u011bzLang und breitV\u00fdsledky HuSoBrKo 2026JA kategorie1. m\u00edsto &#8211; Tade\u00e1\u0161 Vlach 2. m\u00edsto &#8211; \u0160t\u011bp\u00e1n Dvo\u0159\u00e1k 3. m\u00edsto &#8211; Viky a Maty JB kategorie1. m\u00edsto &#8211; Tom\u00e1\u0161 Krej\u010d\u00ed2. m\u00edsto &#8211; S\/R\/ &#8211; S\u00e1ra Blahynkov\u00e13. m\u00edsto &#8211; Patrik HyvnarJC kategorie1. m\u00edsto &#8211; Lucie Moresov\u00e1 2. m\u00edsto &#8211; V\u00ed\u0165a Kut\u00e1\u010dekJP kategorie1. m\u00edsto \u2013 Viktorie&hellip; <br \/> <a class=\"read-more\" href=\"https:\/\/www.husobrko.cz\/\">V\u00edce<\/a><\/p>\n","protected":false},"author":1,"featured_media":0,"parent":0,"menu_order":0,"comment_status":"closed","ping_status":"closed","template":"page-templates\/homepage.php","meta":{"footnotes":""},"class_list":["post-14","page","type-page","status-publish","hentry"],"_links":{"self":[{"href":"https:\/\/www.husobrko.cz\/index.php?rest_route=\/wp\/v2\/pages\/14","targetHints":{"allow":["GET"]}}],"collection":[{"href":"https:\/\/www.husobrko.cz\/index.php?rest_route=\/wp\/v2\/pages"}],"about":[{"href":"https:\/\/www.husobrko.cz\/index.php?rest_route=\/wp\/v2\/types\/page"}],"author":[{"embeddable":true,"href":"https:\/\/www.husobrko.cz\/index.php?rest_route=\/wp\/v2\/users\/1"}],"replies":[{"embeddable":true,"href":"https:\/\/www.husobrko.cz\/index.php?rest_route=%2Fwp%2Fv2%2Fcomments&post=14"}],"version-history":[{"count":52,"href":"https:\/\/www.husobrko.cz\/index.php?rest_route=\/wp\/v2\/pages\/14\/revisions"}],"predecessor-version":[{"id":165,"href":"https:\/\/www.husobrko.cz\/index.php?rest_route=\/wp\/v2\/pages\/14\/revisions\/165"}],"wp:attachment":[{"href":"https:\/\/www.husobrko.cz\/index.php?rest_route=%2Fwp%2Fv2%2Fmedia&parent=14"}],"curies":[{"name":"wp","href":"https:\/\/api.w.org\/{rel}","templated":true}]}}